{"id":35,"date":"2020-02-27T14:43:49","date_gmt":"2020-02-27T14:43:49","guid":{"rendered":"http:\/\/adriangrosari.ro\/?page_id=35"},"modified":"2020-03-24T11:03:17","modified_gmt":"2020-03-24T11:03:17","slug":"expozitii-de-grup","status":"publish","type":"page","link":"https:\/\/adriangrosari.ro\/index.php\/expozitii-de-grup\/","title":{"rendered":"Expozi\u021bii de grup"},"content":{"rendered":"<div id=\"themify_builder_content-35\" data-postid=\"35\" class=\"themify_builder_content themify_builder_content-35 themify_builder\">\n\n    \t\n\t\t<!-- module_row -->\n\t\t<div  class=\"themify_builder_row module_row clearfix repeat module_row_0 themify_builder_35_row module_row_35-0\">\n\t\t\t\t\t\t<div class=\"row_inner col_align_middle\" >\n                            \n\t\t<div  class=\"module_column tb-column col-full first tb_35_column module_column_0 module_column_35-0-0\" >\n                                                                <div class=\"tb-column-inner\">\n                            \n\n    <!-- module image -->\n    <div  id=\"image-35-0-0-0\" class=\"module module-image image-35-0-0-0  image-top  \">\n        <!--insert-->\n        \n        <div class=\"image-wrap\">\n                            <img decoding=\"async\" loading=\"lazy\" width=\"1400\" height=\"1050\" src=\"http:\/\/adriangrosari.ro\/wp-content\/uploads\/2020\/02\/20171208_170951.jpg\" class=\" wp-post-image wp-image-49\" alt=\"20171208_170951\" srcset=\"https:\/\/adriangrosari.ro\/wp-content\/uploads\/2020\/02\/20171208_170951.jpg 1400w, https:\/\/adriangrosari.ro\/wp-content\/uploads\/2020\/02\/20171208_170951-300x225.jpg 300w, https:\/\/adriangrosari.ro\/wp-content\/uploads\/2020\/02\/20171208_170951-1024x768.jpg 1024w, https:\/\/adriangrosari.ro\/wp-content\/uploads\/2020\/02\/20171208_170951-768x576.jpg 768w\" sizes=\"(max-width: 1400px) 100vw, 1400px\" \/>            \n                        <\/div>\n            <!-- \/image-wrap -->\n        \n        \n            <\/div>\n    <!-- \/module image -->\n\n                        <\/div>\n                    \t\t<\/div>\n\t\t                                <\/div>\n                                <!-- \/row_inner -->\n                        <\/div>\n                        <!-- \/module_row -->\n\t\t\t\n\t\t<!-- module_row -->\n\t\t<div  class=\"themify_builder_row module_row clearfix repeat module_row_1 themify_builder_35_row module_row_35-1\">\n\t\t\t\t\t\t<div class=\"row_inner col_align_top\" >\n                            \n\t\t<div  class=\"module_column tb-column col4-2 first tb_35_column module_column_0 module_column_35-1-0\" >\n                                                                <div class=\"tb-column-inner\">\n                            \n\n<!-- module text -->\n<div  id=\"text-35-1-0-0\" class=\"module module-text text-35-1-0-0  repeat  \">\n    <!--insert-->\n    \n        <h2><strong>Expozi\u021bii de grup \u00een str\u0103in\u0103tate:<\/strong><\/h2>\n<p><strong>2016 &#8211; <\/strong>Expozi\u021bie de grup organizat\u0103 de U.A.P filiala Suceava \u00een ora\u0219ul <span style=\"color: #ffff00;\">Laval, <strong>Fran\u021ba.<\/strong><\/span><\/p>\n<p><strong>2015  &#8211; <\/strong>Salonul Interna\u021bional \u201eInimi Unite\u201d organizat\u0103 de U.A.P filiala <span style=\"color: #ffff00;\">Suceava la Cern\u0103u\u021bi, <strong>Ucraina.<\/strong><\/span><\/p>\n<h2><strong>Expozi\u021bii de grup \u00een \u021bar\u0103:<\/strong><\/h2>\n<p><strong>2019<\/strong><\/p>\n<ul>\n<li>Expozi\u021bia \u201eDasc\u0103l \u0219i artist\u201d la Biblioteca Jude\u021bean\u0103 \u201eI. G. Sbiera\u201d <span style=\"color: #ffff00;\">Suceava<\/span>.<\/li>\n<li>Expozi\u021bia profesorilor de art\u0103 din jude\u021bul Suceava, Boto\u0219ani, Ia\u0219i \u0219i Bac\u0103u la Complexului Muzeal \u201eIulian Antonescu\u201d \u2013 <span style=\"color: #ffff00;\">Bac\u0103u<\/span>.<\/li>\n<li>Expozi\u0163ia intitulat\u0103 &#8222;Dasc\u0103l \u015fi artist&#8221;, g\u0103zduit\u0103 de Galeria de Art\u0103 <span style=\"color: #ffff00;\">R\u0103d\u0103u\u0163i<\/span><\/li>\n<li>Expozi\u0163ia intitulat\u0103 &#8222;Dasc\u0103l \u015fi artist&#8221;, g\u0103zduit\u0103 la Sala \u201cPictor Aurel B\u0103e\u0219u\u201d din incinta Muzeului de Art\u0103 \u201cIon Irimescu\u201d, <span style=\"color: #ffff00;\">F\u0103lticeni<\/span>.<\/li>\n<\/ul>\n<p><strong>2018<\/strong><\/p>\n<ul>\n<li>Expozi\u021bia profesorilor de art\u0103 din jude\u021b \u201eDasc\u0103l \u0219i artist\u201d la Muzeul de Art\u0103 din <span style=\"color: #ffff00;\">Gura Humorului,<\/span><\/li>\n<li>Expozi\u021bia profesorilor de art\u0103 din jude\u021b \u201eDasc\u0103l \u0219i artist\u201d la Muzeul \u201eIon Irimescu\u201d <span style=\"color: #ffff00;\">F\u0103lticeni<\/span>,<\/li>\n<li>Expozi\u021bia profesorilor de art\u0103 din jude\u021b \u201eDasc\u0103l \u0219i artist\u201d la \u201eGaleria de Art\u0103\u201d <span style=\"color: #ffff00;\">R\u0103d\u0103u\u021bi<\/span>,<\/li>\n<\/ul>\n<p><strong>2017<\/strong><\/p>\n<ul>\n<li>Salonul Anual U.A.P filiala Suceava la Galeriile de Art\u0103 \u201eIon Irimescu\u201d <span style=\"color: #ffff00;\">Suceava<\/span>,<\/li>\n<li>Expozi\u021bia \u201eMiniaturi de M\u0103r\u021bi\u0219or\u201d la Galeriile de Art\u0103 \u201eIon Irimescu\u201d <span style=\"color: #ffff00;\">Suceava<\/span>,<\/li>\n<li>Expozi\u021bia \u201eROGVAIV\u201d la Muzeul de Istorie <span style=\"color: #ffff00;\">Suceava<\/span>,<\/li>\n<li>Expozi\u021bia profesorilor de art\u0103 din jude\u021b \u201eDasc\u0103l \u0219i artist\u201d la Muzeul de Art\u0103 din <span style=\"color: #ffff00;\">Gura Humorului,<\/span><\/li>\n<li>Expozi\u021bia profesorilor de art\u0103 din jude\u021b \u201eDasc\u0103l \u0219i artist\u201d la Muzeul \u201eIon Irimescu\u201d <span style=\"color: #ffff00;\">F\u0103lticeni<\/span>,<\/li>\n<li>Expozi\u021bia profesorilor de art\u0103 din jude\u021b \u201eDasc\u0103l \u0219i artist\u201d la \u201eGaleria de Art\u0103\u201d <span style=\"color: #ffff00;\">R\u0103d\u0103u\u021bi<\/span>,<\/li>\n<li>Expozi\u021bia profesorilor de art\u0103 din jude\u021b \u201eDasc\u0103l \u0219i artist\u201d la Iulius Mall <span style=\"color: #ffff00;\">Suceava<\/span>.<\/li>\n<\/ul>        <\/div>\n<!-- \/module text -->\n\n                        <\/div>\n                    \t\t<\/div>\n\t\t\n\t\t<div  class=\"module_column tb-column col4-2 last tb_35_column module_column_1 module_column_35-1-1\" >\n                                                                <div class=\"tb-column-inner\">\n                            \n\n<!-- module text -->\n<div  id=\"text-35-1-1-0\" class=\"module module-text text-35-1-1-0  repeat  \">\n    <!--insert-->\n    \n        <p><strong>2016<\/strong><\/p>\n<ul>\n<li>Salonul anual U.A.P filiala Suceava la Galeriile de Art\u0103 \u201eIon Irimescu\u201d <span style=\"color: #ffff00;\">Suceava<\/span>,<\/li>\n<li>Expozi\u021bia profesorilor de art\u0103 din jude\u021b \u201eDasc\u0103l \u0219i artist\u201d la \u201eGaleria de Art\u0103\u201d <span style=\"color: #ffff00;\">R\u0103d\u0103u\u021bi<\/span>,<\/li>\n<li>Expozi\u021bia profesorilor de art\u0103 din jude\u021b la Sala de Expozi\u021bie \u201eGeorge Gavrilean\u201d a Casei de Cultur\u0103 \u2013 <span style=\"color: #ffff00;\">Gura Humorului,<\/span><\/li>\n<li>Expozi\u021bia profesorilor de art\u0103 din jude\u021b \u201eDasc\u0103l \u0219i artist\u201d la \u201eGaleria de Art\u0103\u201d din <span style=\"color: #ffff00;\">C\u00e2mpulung<\/span>,<\/li>\n<li>Expozi\u021bie de Prim\u0103var\u0103 U.A.P filiala Suceava la Galeriile de Art\u0103 \u201eIon Irimescu\u201d <span style=\"color: #ffff00;\">Suceava<\/span>,<\/li>\n<li>Expozi\u021bie de pictur\u0103 TAG ROGVAIV la Galeria de Art\u0103 a U.S.V <span style=\"color: #ffff00;\">Suceava<\/span>,<\/li>\n<li>Expozi\u021bia profesorilor de art\u0103 din jude\u021b \u201eDasc\u0103l \u0219i artist\u201d la U.S.V. <span style=\"color: #ffff00;\">Suceava<\/span>,<\/li>\n<li>Expozi\u021bia de pictur\u0103 \u201eCadou de Cr\u0103ciun\u201d la Iulius Mall <span style=\"color: #ffff00;\">Suceava<\/span><\/li>\n<\/ul>\n<p><strong>2015 <\/strong><\/p>\n<ul>\n<li> \u201eAtelier 35\u201d \u2013 <span style=\"color: #ffff00;\">Ia\u015fi<\/span>;<\/li>\n<li>Salonul anual U.A.P. Rom\u00e2nia, filiala Suceava la Galeria \u201eCity Gallery\u201d, <span style=\"color: #ffff00;\">Suceava<\/span>,<\/li>\n<li>Salonul Interna\u021bional \u201eInimi Unite\u201d la City Gallery <span style=\"color: #ffff00;\">Suceava<\/span><\/li>\n<li>Expozi\u021bia profesorilor de art\u0103 din jude\u021b \u201eDasc\u0103l \u0219i artist\u201d la Galeria \u201eCity Gallery\u201d <span style=\"color: #ffff00;\">Suceava<\/span>,<\/li>\n<\/ul>\n<p><strong>2014 &#8211; <\/strong>Salonul profesorilor de Educa\u021bie plastic\u0103 \u0219i Educa\u021bie vizual\u0103 din jude\u021b, la Galeria \u201eCity Gallery\u201d <span style=\"color: #ffff00;\">Suceava<\/span>;<\/p>\n<p><strong>2008, 2007 &#8211; <\/strong>Galeria de Art\u0103 \u201dApARTe\u201d a Universit\u0103\u021bii Na\u021bionale de Art\u0103 \u201eG. Enescu\u201d <span style=\"color: #ffff00;\">Ia\u0219i<\/span>;<\/p>\n<p><strong>2006 &#8211; <\/strong>Salonul anual U.A.P. Rom\u00e2nia, filiala Ia\u0219i, Hotel Europa <span style=\"color: #ffff00;\">Ia\u0219i<\/span>;<\/p>\n<p><strong>2005 &#8211; <\/strong>Galeriile de Art\u0103 \u201dArcu\u201d <span style=\"color: #ffff00;\">Ia\u0219i<\/span>;<\/p>        <\/div>\n<!-- \/module text -->\n\n                        <\/div>\n                    \t\t<\/div>\n\t\t                                <\/div>\n                                <!-- \/row_inner -->\n                        <\/div>\n                        <!-- \/module_row -->\n\t\t<\/div>\n","protected":false},"excerpt":{"rendered":"<p>Expozi\u021bii de grup \u00een str\u0103in\u0103tate: 2016 &#8211; Expozi\u021bie de grup organizat\u0103 de U.A.P filiala Suceava \u00een ora\u0219ul Laval, Fran\u021ba. 2015 &#8211; Salonul Interna\u021bional \u201eInimi Unite\u201d organizat\u0103 de U.A.P filiala Suceava la Cern\u0103u\u021bi, Ucraina. Expozi\u021bii de grup \u00een \u021bar\u0103: 2019 Expozi\u021bia \u201eDasc\u0103l \u0219i artist\u201d la Biblioteca Jude\u021bean\u0103 \u201eI. G. Sbiera\u201d Suceava. Expozi\u021bia profesorilor de art\u0103 din [&hellip;]<\/p>\n","protected":false},"author":1,"featured_media":0,"parent":0,"menu_order":0,"comment_status":"closed","ping_status":"closed","template":"","meta":[],"_links":{"self":[{"href":"https:\/\/adriangrosari.ro\/index.php\/wp-json\/wp\/v2\/pages\/35"}],"collection":[{"href":"https:\/\/adriangrosari.ro\/index.php\/wp-json\/wp\/v2\/pages"}],"about":[{"href":"https:\/\/adriangrosari.ro\/index.php\/wp-json\/wp\/v2\/types\/page"}],"author":[{"embeddable":true,"href":"https:\/\/adriangrosari.ro\/index.php\/wp-json\/wp\/v2\/users\/1"}],"replies":[{"embeddable":true,"href":"https:\/\/adriangrosari.ro\/index.php\/wp-json\/wp\/v2\/comments?post=35"}],"version-history":[{"count":7,"href":"https:\/\/adriangrosari.ro\/index.php\/wp-json\/wp\/v2\/pages\/35\/revisions"}],"predecessor-version":[{"id":167,"href":"https:\/\/adriangrosari.ro\/index.php\/wp-json\/wp\/v2\/pages\/35\/revisions\/167"}],"wp:attachment":[{"href":"https:\/\/adriangrosari.ro\/index.php\/wp-json\/wp\/v2\/media?parent=35"}],"curies":[{"name":"wp","href":"https:\/\/api.w.org\/{rel}","templated":true}]}}