{"id":31,"date":"2020-02-27T14:43:20","date_gmt":"2020-02-27T14:43:20","guid":{"rendered":"http:\/\/adriangrosari.ro\/?page_id=31"},"modified":"2023-03-01T09:56:52","modified_gmt":"2023-03-01T09:56:52","slug":"grafica","status":"publish","type":"page","link":"https:\/\/adriangrosari.ro\/index.php\/grafica\/","title":{"rendered":"Grafic\u0103 | Adrian Grosari"},"content":{"rendered":"<div id=\"themify_builder_content-31\" data-postid=\"31\" class=\"themify_builder_content themify_builder_content-31 themify_builder\">\n\n    \t\n\t\t<!-- module_row -->\n\t\t<div  class=\"themify_builder_row module_row clearfix module_row_0 themify_builder_31_row module_row_31-0\">\n\t\t\t\t\t\t<div class=\"row_inner col_align_top\" >\n                            \n\t\t<div  class=\"module_column tb-column col-full first tb_31_column module_column_0 module_column_31-0-0\" >\n                                                                <div class=\"tb-column-inner\">\n                            \n\n    <!-- module gallery -->\n    <div  id=\"gallery-31-0-0-0\" class=\"module module-gallery gallery-31-0-0-0 gallery gallery-columns-3  layout-grid   \">\n        <!--insert-->\n        \n\t\t\n        \n    <dl class=\"gallery-item\">\n        <dt class=\"gallery-icon\">\n        <a title=\"\" href=\"https:\/\/adriangrosari.ro\/wp-content\/uploads\/2023\/03\/Episcopia-Salajului.jpg\"><img decoding=\"async\" loading=\"lazy\" src=\"https:\/\/adriangrosari.ro\/wp-content\/uploads\/2023\/03\/Episcopia-Salajului-400x300.jpg\" width=\"400\" height=\"300\" class=\" wp-post-image wp-image-217\" alt=\"Episcopia S\u0103lajului\" \/><\/a>        <\/dt>\n        <dd class=\"wp-caption-text gallery-caption\">\n                            <strong class=\"themify_image_title\">Episcopia S\u0103lajului<\/strong>\n                                <\/dd>\n    <\/dl>\n\n    \n\n    <dl class=\"gallery-item\">\n        <dt class=\"gallery-icon\">\n        <a title=\"\" href=\"https:\/\/adriangrosari.ro\/wp-content\/uploads\/2023\/03\/Manastirea-Moldovita.jpg\"><img decoding=\"async\" loading=\"lazy\" src=\"https:\/\/adriangrosari.ro\/wp-content\/uploads\/2023\/03\/Manastirea-Moldovita-400x300.jpg\" width=\"400\" height=\"300\" class=\" wp-post-image wp-image-218\" alt=\"Manastirea Moldovita\" \/><\/a>        <\/dt>\n        <dd class=\"wp-caption-text gallery-caption\">\n                            <strong class=\"themify_image_title\">Manastirea Moldovita<\/strong>\n                                <\/dd>\n    <\/dl>\n\n    \n\n    <dl class=\"gallery-item\">\n        <dt class=\"gallery-icon\">\n        <a title=\"\" href=\"https:\/\/adriangrosari.ro\/wp-content\/uploads\/2023\/03\/Egumenia-Manastirea-Marea-Lavra-Athos-Grecia-scaled.jpg\"><img decoding=\"async\" loading=\"lazy\" src=\"https:\/\/adriangrosari.ro\/wp-content\/uploads\/2023\/03\/Egumenia-Manastirea-Marea-Lavra-Athos-Grecia-scaled-400x300.jpg\" width=\"400\" height=\"300\" class=\" wp-post-image wp-image-216\" alt=\"Egumenia, M\u0103n\u0103stirea Marea Lavr\u0103, Athos - Grecia\" \/><\/a>        <\/dt>\n        <dd class=\"wp-caption-text gallery-caption\">\n                            <strong class=\"themify_image_title\">Egumenia, M\u0103n\u0103stirea Marea Lavr\u0103, Athos - Grecia<\/strong>\n                                <\/dd>\n    <\/dl>\n\n            <br style=\"clear: both\" \/>\n    \n\n    <dl class=\"gallery-item\">\n        <dt class=\"gallery-icon\">\n        <a title=\"\" href=\"https:\/\/adriangrosari.ro\/wp-content\/uploads\/2023\/03\/Chilii-Manastirea-Marea-Lavra-Athos-Grecia-scaled.jpg\"><img decoding=\"async\" loading=\"lazy\" src=\"https:\/\/adriangrosari.ro\/wp-content\/uploads\/2023\/03\/Chilii-Manastirea-Marea-Lavra-Athos-Grecia-scaled-400x300.jpg\" width=\"400\" height=\"300\" class=\" wp-post-image wp-image-215\" alt=\"Chilii, M\u0103n\u0103stirea Marea Lavr\u0103, Athos - Grecia\" \/><\/a>        <\/dt>\n        <dd class=\"wp-caption-text gallery-caption\">\n                            <strong class=\"themify_image_title\">Chilii, M\u0103n\u0103stirea Marea Lavr\u0103, Athos - Grecia<\/strong>\n                                <\/dd>\n    <\/dl>\n\n    \n\n    <dl class=\"gallery-item\">\n        <dt class=\"gallery-icon\">\n        <a title=\"\" href=\"https:\/\/adriangrosari.ro\/wp-content\/uploads\/2020\/03\/Sighisoara-Adrian-Grosari.jpeg\"><img decoding=\"async\" loading=\"lazy\" src=\"https:\/\/adriangrosari.ro\/wp-content\/uploads\/2020\/03\/Sighisoara-Adrian-Grosari-603x1024-400x300.jpeg\" width=\"400\" height=\"300\" class=\" wp-post-image wp-image-188\" alt=\"Sighisoara-Adrian-Grosari\" \/><\/a>        <\/dt>\n        <dd class=\"wp-caption-text gallery-caption\">\n                            <strong class=\"themify_image_title\">Sighisoara-Adrian-Grosari<\/strong>\n                                <\/dd>\n    <\/dl>\n\n    \n\n    <dl class=\"gallery-item\">\n        <dt class=\"gallery-icon\">\n        <a title=\"\" href=\"https:\/\/adriangrosari.ro\/wp-content\/uploads\/2020\/02\/Manastirea-Gura-Humorului-grafica-si-acuarele-20x30-cm-2017-2.jpg\"><img decoding=\"async\" loading=\"lazy\" src=\"https:\/\/adriangrosari.ro\/wp-content\/uploads\/2020\/02\/Manastirea-Gura-Humorului-grafica-si-acuarele-20x30-cm-2017-2-400x300.jpg\" width=\"400\" height=\"300\" class=\" wp-post-image wp-image-62\" alt=\"Manastirea Gura Humorului grafica si acuarele 20x30 cm 2017\" srcset=\"https:\/\/adriangrosari.ro\/wp-content\/uploads\/2020\/02\/Manastirea-Gura-Humorului-grafica-si-acuarele-20x30-cm-2017-2-400x300.jpg 400w, https:\/\/adriangrosari.ro\/wp-content\/uploads\/2020\/02\/Manastirea-Gura-Humorului-grafica-si-acuarele-20x30-cm-2017-2-640x480.jpg 640w\" sizes=\"(max-width: 400px) 100vw, 400px\" \/><\/a>        <\/dt>\n        <dd class=\"wp-caption-text gallery-caption\">\n                            <strong class=\"themify_image_title\">Manastirea Gura Humorului grafica si acuarele 20x30 cm 2017<\/strong>\n                                <\/dd>\n    <\/dl>\n\n            <br style=\"clear: both\" \/>\n    \n\n    <dl class=\"gallery-item\">\n        <dt class=\"gallery-icon\">\n        <a title=\"\" href=\"https:\/\/adriangrosari.ro\/wp-content\/uploads\/2020\/02\/Manastirea-Gura-Humorului-grafica-si-acuarele-20x30-cm-2017-1.jpg\"><img decoding=\"async\" loading=\"lazy\" src=\"https:\/\/adriangrosari.ro\/wp-content\/uploads\/2020\/02\/Manastirea-Gura-Humorului-grafica-si-acuarele-20x30-cm-2017-1-400x300.jpg\" width=\"400\" height=\"300\" class=\" wp-post-image wp-image-61\" alt=\"Manastirea Gura Humorului grafica si acuarele 20x30 cm 2017\" srcset=\"https:\/\/adriangrosari.ro\/wp-content\/uploads\/2020\/02\/Manastirea-Gura-Humorului-grafica-si-acuarele-20x30-cm-2017-1-400x300.jpg 400w, https:\/\/adriangrosari.ro\/wp-content\/uploads\/2020\/02\/Manastirea-Gura-Humorului-grafica-si-acuarele-20x30-cm-2017-1-640x480.jpg 640w\" sizes=\"(max-width: 400px) 100vw, 400px\" \/><\/a>        <\/dt>\n        <dd class=\"wp-caption-text gallery-caption\">\n                            <strong class=\"themify_image_title\">Manastirea Gura Humorului grafica si acuarele 20x30 cm 2017<\/strong>\n                                <\/dd>\n    <\/dl>\n\n    \n\n    <dl class=\"gallery-item\">\n        <dt class=\"gallery-icon\">\n        <a title=\"\" href=\"https:\/\/adriangrosari.ro\/wp-content\/uploads\/2020\/02\/Manastirea-Dragomirna-2013-Tehnica-grafica-Dimensiuni-30-x-40-cm-2.jpg\"><img decoding=\"async\" loading=\"lazy\" src=\"https:\/\/adriangrosari.ro\/wp-content\/uploads\/2020\/02\/Manastirea-Dragomirna-2013-Tehnica-grafica-Dimensiuni-30-x-40-cm-2-724x1024-400x300.jpg\" width=\"400\" height=\"300\" class=\" wp-post-image wp-image-58\" alt=\"Manastirea Dragomirna 2013 Tehnica grafica Dimensiuni 30 x 40 cm\" srcset=\"https:\/\/adriangrosari.ro\/wp-content\/uploads\/2020\/02\/Manastirea-Dragomirna-2013-Tehnica-grafica-Dimensiuni-30-x-40-cm-2-724x1024-400x300.jpg 400w, https:\/\/adriangrosari.ro\/wp-content\/uploads\/2020\/02\/Manastirea-Dragomirna-2013-Tehnica-grafica-Dimensiuni-30-x-40-cm-2-724x1024-640x480.jpg 640w\" sizes=\"(max-width: 400px) 100vw, 400px\" \/><\/a>        <\/dt>\n        <dd class=\"wp-caption-text gallery-caption\">\n                            <strong class=\"themify_image_title\">Manastirea Dragomirna 2013 Tehnica grafica Dimensiuni 30 x 40 cm<\/strong>\n                                <\/dd>\n    <\/dl>\n\n    \n\n    <dl class=\"gallery-item\">\n        <dt class=\"gallery-icon\">\n        <a title=\"\" href=\"https:\/\/adriangrosari.ro\/wp-content\/uploads\/2020\/02\/Manastirea-Dragomirna-2013-Tehnica-grafica-Dimensiuni-30-x-40-cm-1.jpg\"><img decoding=\"async\" loading=\"lazy\" src=\"https:\/\/adriangrosari.ro\/wp-content\/uploads\/2020\/02\/Manastirea-Dragomirna-2013-Tehnica-grafica-Dimensiuni-30-x-40-cm-1-1024x724-400x300.jpg\" width=\"400\" height=\"300\" class=\" wp-post-image wp-image-57\" alt=\"Manastirea Dragomirna 2013 Tehnica grafica Dimensiuni 30 x 40 cm\" srcset=\"https:\/\/adriangrosari.ro\/wp-content\/uploads\/2020\/02\/Manastirea-Dragomirna-2013-Tehnica-grafica-Dimensiuni-30-x-40-cm-1-1024x724-400x300.jpg 400w, https:\/\/adriangrosari.ro\/wp-content\/uploads\/2020\/02\/Manastirea-Dragomirna-2013-Tehnica-grafica-Dimensiuni-30-x-40-cm-1-1024x724-640x480.jpg 640w, https:\/\/adriangrosari.ro\/wp-content\/uploads\/2020\/02\/Manastirea-Dragomirna-2013-Tehnica-grafica-Dimensiuni-30-x-40-cm-1-1024x724-6x4.jpg 6w\" sizes=\"(max-width: 400px) 100vw, 400px\" \/><\/a>        <\/dt>\n        <dd class=\"wp-caption-text gallery-caption\">\n                            <strong class=\"themify_image_title\">Manastirea Dragomirna 2013 Tehnica grafica Dimensiuni 30 x 40 cm<\/strong>\n                                <\/dd>\n    <\/dl>\n\n            <br style=\"clear: both\" \/>\n    \n\n    <dl class=\"gallery-item\">\n        <dt class=\"gallery-icon\">\n        <a title=\"\" href=\"https:\/\/adriangrosari.ro\/wp-content\/uploads\/2020\/02\/Manastirea-Dragomirna-2013-Tehnica-grafica-Dimensiuni-30-x-40-cm.jpg\"><img decoding=\"async\" loading=\"lazy\" src=\"https:\/\/adriangrosari.ro\/wp-content\/uploads\/2020\/02\/Manastirea-Dragomirna-2013-Tehnica-grafica-Dimensiuni-30-x-40-cm-724x1024-400x300.jpg\" width=\"400\" height=\"300\" class=\" wp-post-image wp-image-56\" alt=\"Manastirea Dragomirna 2013 Tehnica grafica Dimensiuni 30 x 40 cm\" srcset=\"https:\/\/adriangrosari.ro\/wp-content\/uploads\/2020\/02\/Manastirea-Dragomirna-2013-Tehnica-grafica-Dimensiuni-30-x-40-cm-724x1024-400x300.jpg 400w, https:\/\/adriangrosari.ro\/wp-content\/uploads\/2020\/02\/Manastirea-Dragomirna-2013-Tehnica-grafica-Dimensiuni-30-x-40-cm-724x1024-640x480.jpg 640w\" sizes=\"(max-width: 400px) 100vw, 400px\" \/><\/a>        <\/dt>\n        <dd class=\"wp-caption-text gallery-caption\">\n                            <strong class=\"themify_image_title\">Manastirea Dragomirna 2013 Tehnica grafica Dimensiuni 30 x 40 cm<\/strong>\n                                <\/dd>\n    <\/dl>\n\n    \n\n    <dl class=\"gallery-item\">\n        <dt class=\"gallery-icon\">\n        <a title=\"\" href=\"https:\/\/adriangrosari.ro\/wp-content\/uploads\/2020\/02\/Manastirea-Gura-Humorului-grafica-si-acuarele-20x30-cm-2017.jpg\"><img decoding=\"async\" loading=\"lazy\" src=\"https:\/\/adriangrosari.ro\/wp-content\/uploads\/2020\/02\/Manastirea-Gura-Humorului-grafica-si-acuarele-20x30-cm-2017-400x300.jpg\" width=\"400\" height=\"300\" class=\" wp-post-image wp-image-60\" alt=\"Manastirea Gura Humorului grafica si acuarele 20x30 cm 2017\" srcset=\"https:\/\/adriangrosari.ro\/wp-content\/uploads\/2020\/02\/Manastirea-Gura-Humorului-grafica-si-acuarele-20x30-cm-2017-400x300.jpg 400w, https:\/\/adriangrosari.ro\/wp-content\/uploads\/2020\/02\/Manastirea-Gura-Humorului-grafica-si-acuarele-20x30-cm-2017-640x480.jpg 640w\" sizes=\"(max-width: 400px) 100vw, 400px\" \/><\/a>        <\/dt>\n        <dd class=\"wp-caption-text gallery-caption\">\n                            <strong class=\"themify_image_title\">Manastirea Gura Humorului grafica si acuarele 20x30 cm 2017<\/strong>\n                                <\/dd>\n    <\/dl>\n\n    \n\n    <dl class=\"gallery-item\">\n        <dt class=\"gallery-icon\">\n        <a title=\"\" href=\"https:\/\/adriangrosari.ro\/wp-content\/uploads\/2020\/02\/10167971_783621871661829_1634587738800511042_n.jpg\"><img decoding=\"async\" loading=\"lazy\" src=\"https:\/\/adriangrosari.ro\/wp-content\/uploads\/2020\/02\/10167971_783621871661829_1634587738800511042_n-400x300.jpg\" width=\"400\" height=\"300\" class=\" wp-post-image wp-image-47\" alt=\"10167971_783621871661829_1634587738800511042_n\" srcset=\"https:\/\/adriangrosari.ro\/wp-content\/uploads\/2020\/02\/10167971_783621871661829_1634587738800511042_n-400x300.jpg 400w, https:\/\/adriangrosari.ro\/wp-content\/uploads\/2020\/02\/10167971_783621871661829_1634587738800511042_n-300x225.jpg 300w, https:\/\/adriangrosari.ro\/wp-content\/uploads\/2020\/02\/10167971_783621871661829_1634587738800511042_n-768x576.jpg 768w, https:\/\/adriangrosari.ro\/wp-content\/uploads\/2020\/02\/10167971_783621871661829_1634587738800511042_n-640x480.jpg 640w, https:\/\/adriangrosari.ro\/wp-content\/uploads\/2020\/02\/10167971_783621871661829_1634587738800511042_n-853x640.jpg 853w, https:\/\/adriangrosari.ro\/wp-content\/uploads\/2020\/02\/10167971_783621871661829_1634587738800511042_n-6x4.jpg 6w, https:\/\/adriangrosari.ro\/wp-content\/uploads\/2020\/02\/10167971_783621871661829_1634587738800511042_n.jpg 960w\" sizes=\"(max-width: 400px) 100vw, 400px\" \/><\/a>        <\/dt>\n        <dd class=\"wp-caption-text gallery-caption\">\n                            <strong class=\"themify_image_title\">10167971_783621871661829_1634587738800511042_n<\/strong>\n                                <\/dd>\n    <\/dl>\n\n            <br style=\"clear: both\" \/>\n    \n\n    <dl class=\"gallery-item\">\n        <dt class=\"gallery-icon\">\n        <a title=\"\" href=\"https:\/\/adriangrosari.ro\/wp-content\/uploads\/2020\/02\/Manastirea-Gura-Humorului.jpg\"><img decoding=\"async\" loading=\"lazy\" src=\"https:\/\/adriangrosari.ro\/wp-content\/uploads\/2020\/02\/Manastirea-Gura-Humorului-889x1024-400x300.jpg\" width=\"400\" height=\"300\" class=\" wp-post-image wp-image-63\" alt=\"Manastirea Gura Humorului\" srcset=\"https:\/\/adriangrosari.ro\/wp-content\/uploads\/2020\/02\/Manastirea-Gura-Humorului-889x1024-400x300.jpg 400w, https:\/\/adriangrosari.ro\/wp-content\/uploads\/2020\/02\/Manastirea-Gura-Humorului-889x1024-640x480.jpg 640w, https:\/\/adriangrosari.ro\/wp-content\/uploads\/2020\/02\/Manastirea-Gura-Humorului-889x1024-6x6.jpg 6w\" sizes=\"(max-width: 400px) 100vw, 400px\" \/><\/a>        <\/dt>\n        <dd class=\"wp-caption-text gallery-caption\">\n                            <strong class=\"themify_image_title\">Manastirea Gura Humorului<\/strong>\n                                <\/dd>\n    <\/dl>\n\n    \n\n    <dl class=\"gallery-item\">\n        <dt class=\"gallery-icon\">\n        <a title=\"\" href=\"https:\/\/adriangrosari.ro\/wp-content\/uploads\/2020\/02\/Mesteceni-30x40-cm.jpg\"><img decoding=\"async\" loading=\"lazy\" src=\"https:\/\/adriangrosari.ro\/wp-content\/uploads\/2020\/02\/Mesteceni-30x40-cm-1024x724-400x300.jpg\" width=\"400\" height=\"300\" class=\" wp-post-image wp-image-64\" alt=\"Mesteceni 30x40 cm\" srcset=\"https:\/\/adriangrosari.ro\/wp-content\/uploads\/2020\/02\/Mesteceni-30x40-cm-1024x724-400x300.jpg 400w, https:\/\/adriangrosari.ro\/wp-content\/uploads\/2020\/02\/Mesteceni-30x40-cm-1024x724-640x480.jpg 640w, https:\/\/adriangrosari.ro\/wp-content\/uploads\/2020\/02\/Mesteceni-30x40-cm-1024x724-6x4.jpg 6w\" sizes=\"(max-width: 400px) 100vw, 400px\" \/><\/a>        <\/dt>\n        <dd class=\"wp-caption-text gallery-caption\">\n                            <strong class=\"themify_image_title\">Mesteceni 30x40 cm<\/strong>\n                                <\/dd>\n    <\/dl>\n\n    \n\n    <dl class=\"gallery-item\">\n        <dt class=\"gallery-icon\">\n        <a title=\"\" href=\"https:\/\/adriangrosari.ro\/wp-content\/uploads\/2020\/02\/Cafenea-Sighisoara-20-x-40-cm.jpg\"><img decoding=\"async\" loading=\"lazy\" src=\"https:\/\/adriangrosari.ro\/wp-content\/uploads\/2020\/02\/Cafenea-Sighisoara-20-x-40-cm-1024x592-400x300.jpg\" width=\"400\" height=\"300\" class=\" wp-post-image wp-image-51\" alt=\"Cafenea - Sighisoara 20 x 40 cm\" srcset=\"https:\/\/adriangrosari.ro\/wp-content\/uploads\/2020\/02\/Cafenea-Sighisoara-20-x-40-cm-1024x592-400x300.jpg 400w, https:\/\/adriangrosari.ro\/wp-content\/uploads\/2020\/02\/Cafenea-Sighisoara-20-x-40-cm-1024x592-640x480.jpg 640w\" sizes=\"(max-width: 400px) 100vw, 400px\" \/><\/a>        <\/dt>\n        <dd class=\"wp-caption-text gallery-caption\">\n                            <strong class=\"themify_image_title\">Cafenea - Sighisoara 20 x 40 cm<\/strong>\n                                <\/dd>\n    <\/dl>\n\n            <br style=\"clear: both\" \/>\n    \n<br style=\"clear: both\" \/>\n\n    <\/div>\n    <!-- \/module gallery -->\n\n                        <\/div>\n                    \t\t<\/div>\n\t\t                                <\/div>\n                                <!-- \/row_inner -->\n                        <\/div>\n                        <!-- \/module_row -->\n\t\t<\/div>\n","protected":false},"excerpt":{"rendered":"","protected":false},"author":1,"featured_media":0,"parent":0,"menu_order":0,"comment_status":"closed","ping_status":"closed","template":"","meta":[],"_links":{"self":[{"href":"https:\/\/adriangrosari.ro\/index.php\/wp-json\/wp\/v2\/pages\/31"}],"collection":[{"href":"https:\/\/adriangrosari.ro\/index.php\/wp-json\/wp\/v2\/pages"}],"about":[{"href":"https:\/\/adriangrosari.ro\/index.php\/wp-json\/wp\/v2\/types\/page"}],"author":[{"embeddable":true,"href":"https:\/\/adriangrosari.ro\/index.php\/wp-json\/wp\/v2\/users\/1"}],"replies":[{"embeddable":true,"href":"https:\/\/adriangrosari.ro\/index.php\/wp-json\/wp\/v2\/comments?post=31"}],"version-history":[{"count":13,"href":"https:\/\/adriangrosari.ro\/index.php\/wp-json\/wp\/v2\/pages\/31\/revisions"}],"predecessor-version":[{"id":222,"href":"https:\/\/adriangrosari.ro\/index.php\/wp-json\/wp\/v2\/pages\/31\/revisions\/222"}],"wp:attachment":[{"href":"https:\/\/adriangrosari.ro\/index.php\/wp-json\/wp\/v2\/media?parent=31"}],"curies":[{"name":"wp","href":"https:\/\/api.w.org\/{rel}","templated":true}]}}