{"id":178,"date":"2020-03-26T09:11:04","date_gmt":"2020-03-26T09:11:04","guid":{"rendered":"http:\/\/adriangrosari.ro\/?page_id=178"},"modified":"2020-03-26T10:02:18","modified_gmt":"2020-03-26T10:02:18","slug":"presa","status":"publish","type":"page","link":"https:\/\/adriangrosari.ro\/index.php\/presa\/","title":{"rendered":"Pres\u0103"},"content":{"rendered":"<div id=\"themify_builder_content-178\" data-postid=\"178\" class=\"themify_builder_content themify_builder_content-178 themify_builder\">\n\n    \t\n\t\t<!-- module_row -->\n\t\t<div  class=\"themify_builder_row module_row clearfix module_row_0 themify_builder_178_row module_row_178-0\">\n\t\t\t\t\t\t<div class=\"row_inner col_align_top\" >\n                            \n\t\t<div  class=\"module_column tb-column col-full first tb_178_column module_column_0 module_column_178-0-0\" >\n                                                                <div class=\"tb-column-inner\">\n                            \n\n<!-- module text -->\n<div  id=\"text-178-0-0-0\" class=\"module module-text text-178-0-0-0  repeat  \">\n    <!--insert-->\n    \n        <h2>Apari\u021bii \u00een pres\u0103<\/h2>\n<h2>2019:<\/h2>\n<p>Profesorii de arte plastice din jude\u021bele Suceava, Bac\u0103u, Ia\u0219i \u0219i Boto\u0219ani vor expune \u00eencep\u00e2nd de vineri 1 martie 2019, ora 14.00 , \u00een cadrul Complexului Muzeal \u201eIulian Antonescu\u201d \u2013 Bac\u0103u.<\/p>\n<p>Aceast\u0103 expozi\u021bie este organizat\u0103 sub patronajul Inspectoratului \u0218colar Jude\u021bean Suceava \u0219i Inspectoratului \u0218colar Jude\u021bean Bac\u0103u \u0219i cuprinde lucr\u0103ri ce bucur\u0103 privitorul prin tematica divers\u0103, de la peisaj \u015fi natur\u0103 static\u0103 la portrete, \u00eembin\u00e2nd armonios frumuse\u0163ea naturii, a peisajelor \u015fi florilor cu lini\u015ftea \u0219i puritatea potretelor unor copii. <a href=\"https:\/\/vivafm.ro\/2019\/02\/26\/expozitia-profesorilor-de-educatie-plastica-si-arte-vizuale-dascal-si-artist-la-bacau\/\">Detalii pe vivafm.ro \u00bb<\/a><\/p>\n<hr \/>\n<p>Asocia\u0163ia de art\u0103 \u201eNicolae Tonitza\u201d (TAG), din cadrul Universit\u0103\u0163ii \u201e\u015etefan cel Mare\u201d din Suceava, \u00een parteneriat cu Direc\u0163ia Jude\u0163ean\u0103 pentru Cultur\u0103 Suceava, Cenaclul Litere &#8211; USV \u015fi Casa de Cultura a Studen\u0163ilor Suceava, organizeaz\u0103 joi, 7 martie 2019, de la ora 17:30, la Galeria de Art\u0103 a USV, Corp A, etajul I, \u00a0evenimentul cultural ROGVAIV. Acest eveniment se organizeaz\u0103 an de an, cu ocazia Zilei USV. <a href=\"https:\/\/www.monitorulsv.ro\/Ultima-ora-local\/2019-03-04\/Evenimentul-cultural-ROGVAIV-la-USV\">Detalii \u00een Monitorul de Suceava \u00bb<\/a> \u0219i pe <a href=\"http:\/\/minutulunu.ro\/2019\/02\/expozitia-profesorilor-de-educatie-plastica-si-arte-vizuale-dascal-si-artist-la-bacau\/\">siteul minutulunu.ro \u00bb<\/a><\/p>\n<h2><strong>2017: <\/strong><\/h2>\n<p>La Gura Humorului, Muzeul Obiceiurilor Populare din Bucovina a g\u0103zduit vineri, 8 decembrie, expozi\u0163ia Taberei de crea\u0163ie \u201eDasc\u0103l \u015fi artist\u201c. Aflat\u0103 la prima edi\u0163ie,\u00a0 Tab\u0103ra de crea\u0163ie a fost organizat\u0103 la M\u0103n\u0103stirea Humorului \u00een luna august \u015fi a fost onorat\u0103 cu prezen\u0163a unor arti\u015fti plastici de renume la nivel local, na\u0163ional \u015fi interna\u0163ional. <a href=\"http:\/\/tribunainvatamantului.ro\/vernisaj-la-gura-humorului\/\">Detalii pe tribunainvatamantului.ro \u00bb<\/a> \u0219i pe <a href=\"https:\/\/www.crainou.ro\/2017\/12\/11\/vernisaj-la-gura-humorului\/\">crainou.ro \u00bb<\/a><\/p>\n<hr \/>\n<p>\u201dCu voi vin florile-n c\u00e2mpie\/ \u015ei nop\u0163ile cu poezie\/ \u015ei v\u00e2nturi line, calde ploi\/ \u015ei veselie\u201d. Nici nu \u015ftiam c\u0103 le mai \u0163in minte, c\u00e2nd aceste versuri din \u201cVestitorii prim\u0103verii\u201d de George Co\u015fbuc mi-au r\u0103sunat \u00een g\u00e2nd la trecerea pragului Galeriei de Art\u0103 \u201cIon Irimescu\u201d Suceava, plin\u0103 de lume, de\u015fi nu eram \u00een \u00eent\u00e2rziere, \u015fi cu pere\u0163ii \u00eenflori\u0163i de lucr\u0103ri. <a href=\"http:\/\/adriangrosari.ro\/index.php\/presa\/\">Detalii pe crainou.ro<\/a><\/p>\n<hr \/>\n<p>Expozi\u021bia Taberei de crea\u021bie de la M\u0103n\u0103stirea Humorului, vernisat\u0103 la Muzeul Obiceiurilor Populare din Bucovina. Lucr\u0103rile surprind motive \u0219i simboluri populare, obiective turistice din zona Gura Humorului \u0219i frumuse\u021bea inegalabil\u0103 a Bucovinei <a href=\"https:\/\/www.newsbucovina.ro\/evenimente\/210769\/expozitia-taberei-de-creatie-de-la-manastirea-humorului-vernisata-la-muzeul-obiceiurilor-populare-din-bucovina-lucrarile-surprind-motive-si-simboluri-populare-obiective-turistice-din-zona-gura-humo\">Detalii pe newsbucovina.ro \u00bb<\/a><\/p>\n<h2><strong>2018<\/strong><\/h2>\n<p>Sala \u201cPictor Aurel B\u0103e\u0219u\u201d din incinta Muzeului de Art\u0103 \u201cIon Irimescu\u201d a g\u0103zduit, \u00een seara zilei de vineri, 25 mai 2018, vernisajul expozi\u021biei de pictur\u0103 \u201cDasc\u0103l \u0219i artist\u201d. Expozi\u021bia reune\u0219te peste 70 de tablouri apar\u021bin\u00e2nd unor profesori de arte plastice \u0219i educa\u021bie plastic\u0103 din jude\u021bul Suceava, dar \u0219i elevilor acestora.<\/p>\n<ul>\n<li><a href=\"https:\/\/www.cronicadefalticeni.ro\/falticeniul-gazduieste-expozitia-de-arta-plastica-dascal-si-artist\/\">Detalii pe cronicadefalticeni.ro \u00bb<\/a><\/li>\n<li><a href=\"https:\/\/www.crainou.ro\/2018\/05\/30\/expozitie-a-profesorilor-de-arte-vizuale-si-a-elevilor-pe-care-ii-indruma\/\">Detalii pe crainou.ro \u00bb<\/a><\/li>\n<li><a href=\"http:\/\/adriangrosari.ro\/index.php\/presa\/\">Detalii \u00een Monitorul de Suceava \u00bb<\/a><\/li>\n<\/ul>\n<hr \/>\n<p>Expozi\u0163ia intitulat\u0103 &#8222;Dasc\u0103l \u015fi artist&#8221;, g\u0103zduit\u0103 de Galeria de Art\u0103 R\u0103d\u0103u\u0163i, \u00een perioada 19 aprilie &#8211; 30 aprilie a.c., este o expozi\u0163ie de amploare a 24 de arti\u015fti care sunt totodat\u0103 \u015fi profesori de arte vizuale \u00een jude\u0163ul Suceava. Aceast\u0103 deosebit\u0103 expozi\u0163ie \u00eentrune\u015fte at\u00e2t pictur\u0103, c\u00e2t \u015fi grafic\u0103, dar \u015fi sculptur\u0103.<\/p>\n<ul>\n<li><a href=\"http:\/\/adriangrosari.ro\/index.php\/expozitii-de-grup\/\">Detalii \u00een Monitorul de Suceava \u00bb<\/a><\/li>\n<li><a href=\"https:\/\/www.crainou.ro\/2018\/02\/10\/salonul-anual-de-arta-2017-al-filialei-suceava-a-uniunii-artistilor-plastici-din-romania\/\">Detalii pe crainou.ro \u00bb<\/a><\/li>\n<\/ul>\n<hr \/>\n<p>La Galeria de Art\u0103 \u201eIon Irimescu\u201d Suceava s-a deschis joi, 25 ianuarie 2018, Salonul Anual de Art\u0103 2017 al Filialei Suceava a Uniunii Arti\u015ftilor Plastici (UAP) din Rom\u00e2nia. Un num\u0103r de 32 de arti\u015fti profesioni\u015fti ne-au \u00eemp\u0103rt\u0103\u015fit cu generozitate \u015fi \u00eenc\u00e2ntare o parte din lumea lor interioar\u0103 ce s-a cristalizat cu scopul transcenderii \u00eentr-o manier\u0103 sensibil\u0103.<\/p>\n<ul>\n<li><a href=\"https:\/\/www.crainou.ro\/2018\/02\/10\/salonul-anual-de-arta-2017-al-filialei-suceava-a-uniunii-artistilor-plastici-din-romania\/\">Detalii pe crainou.ro \u00bb<\/a><\/li>\n<li><\/li>\n<\/ul>\n<h2><strong>2016:<\/strong><\/h2>\n<p>Luni, 31 octombrie 2016, la ora 17:30, Universitatea \u201e\u015etefan cel Mare\u201d Suceava, Corp A, Etaj I, Galeria de art\u0103 a USV va avea evenimentul cultural \u201eROGVAIV \u2013 O @ USV\u201d.<\/p>\n<p>Evenimentul este organizat de Asocia\u0163ia de Art\u0103 \u201eNicolae Tonitza\u201d (TAG), Cenaclul \u201eLitere\u201d (CL), Casa de Cultur\u0103 a Studen\u0163ilor (CCSS) \u015fi Universitatea \u201e\u015etefan cel Mare\u201d Suceava (USV). <a href=\"https:\/\/suceavalive.ro\/vernisajul-expozitiei-rogvaiv-la-galeria-de-arta-usv\/\">Detalii pe suceavalive.ro \u00bb<\/a><\/p>\n<p>Art\u0103 plastic\u0103 sucevean\u0103 la Laval<\/p>\n<p>La Galeria Mediapole, din localitatea francez\u0103 Laval, s-a deschis o expozi\u0163ie de pictur\u0103, grafic\u0103 \u015fi tapiserie a arti\u015ftilor plastici suceveni.<\/p>\n<p>Expozi\u0163ia, organizat\u0103 de Prim\u0103ria municipiului Suceava, Consiliul Local Suceava, Asocia\u0163ia \u201eCurcubeul Succesului\u201d Suceava, Uniunea Arti\u015ftilor Plastici din Rom\u00e2nia &#8211; Filiala Suceava, Prim\u0103ria Laval \u015fi Asocia\u0163ia Laval &#8211; Suceava, etaleaz\u0103 lucr\u0103ri ale arti\u015ftilor plastici Iulian Asimionesei, C\u0103lin Baban, Gabrel Baban, Ovidiu Buzec, Ioan Co\u0163ofan, Gheorghe Cuciureanu, Geta Gheorghiu, Eugenia Gora\u015f, Adrian Grosari, Oana Ruxandra Hri\u015fc\u0103, Marcela Larionescu, Niculai Moro\u015fan, Diana-Oana Moruz Chelariu, Ana Viorica Moruz, Mihai P\u00e2nzaru PIM, Pu\u015fa P\u00eeslaru, Lucia Pu\u015fca\u015fu, Camelia Rusu Sadovei, Dumitru Rusu, Raluca Schipor, Vasile Anghel Siminiuc, KonstantynUngureanu BOX.<\/p>\n<p><a href=\"https:\/\/www.monitorulsv.ro\/Ultima-ora-local\/2016-05-17\/Arta-plastica-suceveana-la-Laval\">https:\/\/www.monitorulsv.ro\/Ultima-ora-local\/2016-05-17\/Arta-plastica-suceveana-la-Laval<\/a><\/p>\n<p><a href=\"https:\/\/www.crainou.ro\/2016\/06\/11\/arta-plastica-suceveana-la-laval-in-franta\/\">https:\/\/www.crainou.ro\/2016\/06\/11\/arta-plastica-suceveana-la-laval-in-franta\/<\/a><\/p>\n<p><strong>\u00a0<\/strong>La Galeria de Art\u0103 \u201eIon Irimescu\u201d Suceava, s-a deschis, pe 26 ianuarie 2016, Salonul anual de art\u0103 2015, expozi\u0163ia arti\u015ftilor suceveni profesioni\u015fti, membri ai U.A.P. \u2013 Filiala Suceava, organizat\u0103 de pre\u015fedinta Filialei, doamna Lucia Pu\u015fca\u015fu. \u00cen ciuda unor absen\u0163e notabile, precum cea a lui C\u0103t\u0103lin Alexandru Chifan, C\u0103lin Baban sau Mircea D\u0103neasa, \u015fi num\u0103rului mai mic de tablouri, fa\u0163\u0103 de expozi\u0163iile precedente, c\u00e2nd Anuala beneficia de amplitudinea spa\u0163iului expozi\u0163ional de la City Gallery, salonul actual are o densitate deosebit\u0103, cuprinz\u00e2nd peste 50 de lucr\u0103ri de art\u0103 plastic\u0103 \u015fi decorativ\u0103, etalate de cei 28 de arti\u015fti prezen\u0163i, \u00een cea mai mare parte, cu c\u00e2te dou\u0103 lucr\u0103ri, dintre care cel pu\u0163in una cu vopseaua \u00eenc\u0103 proasp\u0103t\u0103, p\u0103str\u00e2nd aroma unei viziuni recente. <a href=\"https:\/\/www.crainou.ro\/2016\/02\/20\/stil-individual-variatie-si-renovare-artistic\/\">Detalii pe crainou.ro \u00bb<\/a><\/p>\n<h2>2015<\/h2>\n<p><a href=\"https:\/\/www.crainou.ro\/2015\/05\/16\/artisti-plastici-profesionisti-din-sudul-si-din-nordul-bucovinei-la-cernauti\/\">Detalii pe crainou.ro \u00bb<\/a><\/p>\n<p>de Doina Cernica<\/p>\n<p>Cu toate c\u0103 ziua de 7 mai 2015 fusese anun\u0163at\u0103 drept cea mai \u00eensorit\u0103 \u015fi mai cald\u0103 a perioadei, este destul de r\u0103coare \u015fi din c\u00e2nd \u00een c\u00e2nd sim\u0163im c\u00e2te un fior rece. Singurii care nu au cum s\u0103 se pl\u00e2ng\u0103 de diminea\u0163a mohor\u00e2t\u0103 sunt Lucia Pu\u015fca\u015fu, pre\u015fedinta Filialei Suceava a Uniunii Arti\u015ftilor Plastici din Rom\u00e2nia, \u015fi adjunctul ei (nu \u015ftiu dac\u0103 \u015fi \u00een documente, dar \u00een aceast\u0103 \u00eentreprindere cu siguran\u0163\u0103), pictorul Niculai Moro\u015fan, Moro, cum \u00eei spun prietenii, \u00een alerg\u0103tura formalit\u0103\u0163ilor vamale. Totul a fost preg\u0103tit cu grij\u0103, cu aprob\u0103ri de la Patrimoniu, dar formalit\u0103\u0163ile sunt formalit\u0103\u0163i \u015fi orice protejeaz\u0103 pre\u0163iosul nostru transport nu are cum s\u0103 nu conteze.<\/p>\n<p>\u00centr-adev\u0103r, cele trei ma\u015fini cu pictorii Oana Ruxandra Hri\u015fc\u0103, Ioan Co\u0163ofan \u015fi Moro la volan \u015fi cu Lucia Pu\u015fca\u015fu, subsemnata, Camelia Co\u0163ofan, Viorica Moruz, Anton Cost\u00een \u015fi Ovidiu Buzec pasageri, duc, ambalate cu nesf\u00e2r\u015fit\u0103 aten\u0163ie \u015fi precau\u0163ie, ca ni\u015fte bijuterii, 52 de tapiserii, picturi \u015fi grafic\u0103, \u015fi trebuie s\u0103 fii autor profesionist ca s\u0103 \u015ftii c\u00e2t\u0103 \u00eenv\u0103\u0163\u0103tur\u0103, c\u00e2t talent, c\u00e2t\u0103 munc\u0103 \u015fi nu \u00een ultimul r\u00e2nd c\u00e2te costuri adun\u0103 \u00een ea o lucrare. O anume culoare se g\u0103se\u015fte doar la Bucure\u015fti sau la Chi\u015fin\u0103u (ca localit\u0103\u0163i mai apropiate cu magazine de specialitate), un \u015fevalet masiv, cu stabilitate numai la Cern\u0103u\u0163i \u015fi a\u015fa mai departe. Substan\u0163ele toxice cu care se lucreaz\u0103 pot s\u0103 genereze unele afec\u0163iuni, suprasolicitarea vederii, altele. Dar m\u0103 opresc aici, \u00eencerc\u00e2nd s\u0103 \u00een\u0163eleg ce \u00eei spune Ioan Co\u0163ofan, originar din Basarabia, func\u0163ionarei (poart\u0103 ecuson) care se intereseaz\u0103 cu amabilitate de evenimentul care ne chema la Cern\u0103u\u0163i.<\/p>\n<p>O invit\u0103 a doua zi la vernisaj \u015fi, surpriz\u0103 pl\u0103cut\u0103, aveam chiar s\u0103 o recunoa\u015ftem \u00een public. De altfel, nu e prima surpriz\u0103 de acest gen la trecerea grani\u0163ei, \u00eent\u00e2ia a fost la noi, c\u00e2nd \u00eent\u00e2rziind cu privirea asupra cilindrilor din ma\u015fin\u0103 \u015fi primind explica\u0163ia cuvenit\u0103, t\u00e2n\u0103ra vame\u015f\u0103 a z\u00e2mbit \u00eenc\u00e2ntat\u0103: \u201e\u015ei m\u0103tu\u015fa mea lucra tapiserie. Poate a\u0163i cunoscut-o: Ioana Nistor!\u201d<\/p>\n<p><a href=\"https:\/\/www.crainou.ro\/2015\/05\/16\/artisti-plastici-profesionisti-din-sudul-si-din-nordul-bucovinei-la-cernauti\/\">Detalii pe crainou.ro \u00bb<\/a><\/p>        <\/div>\n<!-- \/module text -->\n\n                        <\/div>\n                    \t\t<\/div>\n\t\t                                <\/div>\n                                <!-- \/row_inner -->\n                        <\/div>\n                        <!-- \/module_row -->\n\t\t<\/div>\n","protected":false},"excerpt":{"rendered":"<p>Apari\u021bii \u00een pres\u0103 2019: Profesorii de arte plastice din jude\u021bele Suceava, Bac\u0103u, Ia\u0219i \u0219i Boto\u0219ani vor expune \u00eencep\u00e2nd de vineri 1 martie 2019, ora 14.00 , \u00een cadrul Complexului Muzeal \u201eIulian Antonescu\u201d \u2013 Bac\u0103u. Aceast\u0103 expozi\u021bie este organizat\u0103 sub patronajul Inspectoratului \u0218colar Jude\u021bean Suceava \u0219i Inspectoratului \u0218colar Jude\u021bean Bac\u0103u \u0219i cuprinde lucr\u0103ri ce bucur\u0103 privitorul [&hellip;]<\/p>\n","protected":false},"author":1,"featured_media":0,"parent":0,"menu_order":0,"comment_status":"closed","ping_status":"closed","template":"","meta":[],"_links":{"self":[{"href":"https:\/\/adriangrosari.ro\/index.php\/wp-json\/wp\/v2\/pages\/178"}],"collection":[{"href":"https:\/\/adriangrosari.ro\/index.php\/wp-json\/wp\/v2\/pages"}],"about":[{"href":"https:\/\/adriangrosari.ro\/index.php\/wp-json\/wp\/v2\/types\/page"}],"author":[{"embeddable":true,"href":"https:\/\/adriangrosari.ro\/index.php\/wp-json\/wp\/v2\/users\/1"}],"replies":[{"embeddable":true,"href":"https:\/\/adriangrosari.ro\/index.php\/wp-json\/wp\/v2\/comments?post=178"}],"version-history":[{"count":8,"href":"https:\/\/adriangrosari.ro\/index.php\/wp-json\/wp\/v2\/pages\/178\/revisions"}],"predecessor-version":[{"id":187,"href":"https:\/\/adriangrosari.ro\/index.php\/wp-json\/wp\/v2\/pages\/178\/revisions\/187"}],"wp:attachment":[{"href":"https:\/\/adriangrosari.ro\/index.php\/wp-json\/wp\/v2\/media?parent=178"}],"curies":[{"name":"wp","href":"https:\/\/api.w.org\/{rel}","templated":true}]}}